{"id":177,"date":"2023-03-28T12:22:07","date_gmt":"2023-03-28T12:22:07","guid":{"rendered":"https:\/\/iptv-smart.fr\/?page_id=177"},"modified":"2023-04-07T20:42:41","modified_gmt":"2023-04-07T20:42:41","slug":"termes-et-conditions","status":"publish","type":"page","link":"https:\/\/iptv-smart.fr\/abonnement-iptv\/termes-et-conditions\/","title":{"rendered":"Termes et conditions"},"content":{"rendered":"\t\t<div data-elementor-type=\"wp-page\" data-elementor-id=\"177\" class=\"elementor elementor-177\" data-elementor-post-type=\"page\">\n\t\t\t\t\t\t<section class=\"elementor-section elementor-top-section elementor-element elementor-element-9484271 elementor-section-boxed elementor-section-height-default elementor-section-height-default\" data-id=\"9484271\" data-element_type=\"section\" data-settings=\"{&quot;background_background&quot;:&quot;gradient&quot;}\">\n\t\t\t\t\t\t\t<div class=\"elementor-background-overlay\"><\/div>\n\t\t\t\t\t\t\t<div class=\"elementor-container elementor-column-gap-default\">\n\t\t\t\t\t<div class=\"elementor-column elementor-col-100 elementor-top-column elementor-element elementor-element-e19bbcd\" data-id=\"e19bbcd\" data-element_type=\"column\">\n\t\t\t<div class=\"elementor-widget-wrap elementor-element-populated\">\n\t\t\t\t\t\t<section class=\"elementor-section elementor-inner-section elementor-element elementor-element-38eca609 elementor-section-boxed elementor-section-height-default elementor-section-height-default\" data-id=\"38eca609\" data-element_type=\"section\">\n\t\t\t\t\t\t<div class=\"elementor-container elementor-column-gap-default\">\n\t\t\t\t\t<div class=\"elementor-column elementor-col-100 elementor-inner-column elementor-element elementor-element-6e04879a\" data-id=\"6e04879a\" data-element_type=\"column\">\n\t\t\t<div class=\"elementor-widget-wrap elementor-element-populated\">\n\t\t\t\t\t\t<div class=\"elementor-element elementor-element-7122315b elementor-invisible elementor-widget elementor-widget-heading\" data-id=\"7122315b\" data-element_type=\"widget\" data-settings=\"{&quot;_animation&quot;:&quot;fadeInUp&quot;}\" data-widget_type=\"heading.default\">\n\t\t\t\t<div class=\"elementor-widget-container\">\n\t\t\t<h1 class=\"elementor-heading-title elementor-size-default\">Termes et conditions<\/h1>\t\t<\/div>\n\t\t\t\t<\/div>\n\t\t\t\t<div class=\"elementor-element elementor-element-cf853ab elementor-align-center elementor-invisible elementor-widget elementor-widget-post-info\" data-id=\"cf853ab\" data-element_type=\"widget\" data-settings=\"{&quot;_animation&quot;:&quot;fadeInDown&quot;,&quot;_animation_delay&quot;:250}\" data-widget_type=\"post-info.default\">\n\t\t\t\t<div class=\"elementor-widget-container\">\n\t\t\t\t\t<ul class=\"elementor-inline-items elementor-icon-list-items elementor-post-info\">\n\t\t\t\t\t\t\t\t<li class=\"elementor-icon-list-item elementor-repeater-item-93e6fb3 elementor-inline-item\" itemprop=\"datePublished\">\n\t\t\t\t\t\t<a href=\"https:\/\/iptv-smart.fr\/abonnement-iptv\/2023\/03\/28\/\">\n\t\t\t\t\t\t\t\t\t\t\t<span class=\"elementor-icon-list-icon\">\n\t\t\t\t\t\t\t\t<svg aria-hidden=\"true\" class=\"e-font-icon-svg e-far-calendar-alt\" viewBox=\"0 0 448 512\" xmlns=\"http:\/\/www.w3.org\/2000\/svg\"><path d=\"M148 288h-40c-6.6 0-12-5.4-12-12v-40c0-6.6 5.4-12 12-12h40c6.6 0 12 5.4 12 12v40c0 6.6-5.4 12-12 12zm108-12v-40c0-6.6-5.4-12-12-12h-40c-6.6 0-12 5.4-12 12v40c0 6.6 5.4 12 12 12h40c6.6 0 12-5.4 12-12zm96 0v-40c0-6.6-5.4-12-12-12h-40c-6.6 0-12 5.4-12 12v40c0 6.6 5.4 12 12 12h40c6.6 0 12-5.4 12-12zm-96 96v-40c0-6.6-5.4-12-12-12h-40c-6.6 0-12 5.4-12 12v40c0 6.6 5.4 12 12 12h40c6.6 0 12-5.4 12-12zm-96 0v-40c0-6.6-5.4-12-12-12h-40c-6.6 0-12 5.4-12 12v40c0 6.6 5.4 12 12 12h40c6.6 0 12-5.4 12-12zm192 0v-40c0-6.6-5.4-12-12-12h-40c-6.6 0-12 5.4-12 12v40c0 6.6 5.4 12 12 12h40c6.6 0 12-5.4 12-12zm96-260v352c0 26.5-21.5 48-48 48H48c-26.5 0-48-21.5-48-48V112c0-26.5 21.5-48 48-48h48V12c0-6.6 5.4-12 12-12h40c6.6 0 12 5.4 12 12v52h128V12c0-6.6 5.4-12 12-12h40c6.6 0 12 5.4 12 12v52h48c26.5 0 48 21.5 48 48zm-48 346V160H48v298c0 3.3 2.7 6 6 6h340c3.3 0 6-2.7 6-6z\"><\/path><\/svg>\t\t\t\t\t\t\t<\/span>\n\t\t\t\t\t\t\t\t\t<span class=\"elementor-icon-list-text elementor-post-info__item elementor-post-info__item--type-date\">\n\t\t\t\t\t\t\t\t\t\t<time>mars 28, 2023<\/time>\t\t\t\t\t<\/span>\n\t\t\t\t\t\t\t\t\t<\/a>\n\t\t\t\t<\/li>\n\t\t\t\t<\/ul>\n\t\t\t\t<\/div>\n\t\t\t\t<\/div>\n\t\t\t\t\t<\/div>\n\t\t<\/div>\n\t\t\t\t\t<\/div>\n\t\t<\/section>\n\t\t\t\t\t<\/div>\n\t\t<\/div>\n\t\t\t\t\t<\/div>\n\t\t<\/section>\n\t\t\t\t<section class=\"elementor-section elementor-top-section elementor-element elementor-element-6e24a884 elementor-section-boxed elementor-section-height-default elementor-section-height-default\" data-id=\"6e24a884\" data-element_type=\"section\">\n\t\t\t\t\t\t<div class=\"elementor-container elementor-column-gap-default\">\n\t\t\t\t\t<div class=\"elementor-column elementor-col-33 elementor-top-column elementor-element elementor-element-5c099c24\" data-id=\"5c099c24\" data-element_type=\"column\">\n\t\t\t<div class=\"elementor-widget-wrap elementor-element-populated\">\n\t\t\t\t\t\t<div class=\"elementor-element elementor-element-7fa7ff4c elementor-share-buttons--view-icon elementor-share-buttons--align-center elementor-share-buttons--skin-gradient elementor-share-buttons--shape-square elementor-grid-0 elementor-share-buttons--color-official elementor-invisible elementor-widget elementor-widget-share-buttons\" data-id=\"7fa7ff4c\" data-element_type=\"widget\" data-settings=\"{&quot;sticky&quot;:&quot;top&quot;,&quot;sticky_offset&quot;:140,&quot;sticky_parent&quot;:&quot;yes&quot;,&quot;_animation&quot;:&quot;fadeInUp&quot;,&quot;sticky_on&quot;:[&quot;desktop&quot;,&quot;tablet&quot;,&quot;mobile&quot;],&quot;sticky_effects_offset&quot;:0}\" data-widget_type=\"share-buttons.default\">\n\t\t\t\t<div class=\"elementor-widget-container\">\n\t\t\t\t\t<div class=\"elementor-grid\">\n\t\t\t\t\t\t\t\t<div class=\"elementor-grid-item\">\n\t\t\t\t\t\t<div\n\t\t\t\t\t\t\tclass=\"elementor-share-btn elementor-share-btn_facebook\"\n\t\t\t\t\t\t\trole=\"button\"\n\t\t\t\t\t\t\ttabindex=\"0\"\n\t\t\t\t\t\t\taria-label=\"Partager sur facebook\"\n\t\t\t\t\t\t>\n\t\t\t\t\t\t\t\t\t\t\t\t\t\t\t<span class=\"elementor-share-btn__icon\">\n\t\t\t\t\t\t\t\t<svg class=\"e-font-icon-svg e-fab-facebook\" viewBox=\"0 0 512 512\" xmlns=\"http:\/\/www.w3.org\/2000\/svg\"><path d=\"M504 256C504 119 393 8 256 8S8 119 8 256c0 123.78 90.69 226.38 209.25 245V327.69h-63V256h63v-54.64c0-62.15 37-96.48 93.67-96.48 27.14 0 55.52 4.84 55.52 4.84v61h-31.28c-30.8 0-40.41 19.12-40.41 38.73V256h68.78l-11 71.69h-57.78V501C413.31 482.38 504 379.78 504 256z\"><\/path><\/svg>\t\t\t\t\t\t\t<\/span>\n\t\t\t\t\t\t\t\t\t\t\t\t\t\t\t\t\t\t\t\t<\/div>\n\t\t\t\t\t<\/div>\n\t\t\t\t\t\t\t\t\t<div class=\"elementor-grid-item\">\n\t\t\t\t\t\t<div\n\t\t\t\t\t\t\tclass=\"elementor-share-btn elementor-share-btn_twitter\"\n\t\t\t\t\t\t\trole=\"button\"\n\t\t\t\t\t\t\ttabindex=\"0\"\n\t\t\t\t\t\t\taria-label=\"Partager sur twitter\"\n\t\t\t\t\t\t>\n\t\t\t\t\t\t\t\t\t\t\t\t\t\t\t<span class=\"elementor-share-btn__icon\">\n\t\t\t\t\t\t\t\t<svg class=\"e-font-icon-svg e-fab-twitter\" viewBox=\"0 0 512 512\" xmlns=\"http:\/\/www.w3.org\/2000\/svg\"><path d=\"M459.37 151.716c.325 4.548.325 9.097.325 13.645 0 138.72-105.583 298.558-298.558 298.558-59.452 0-114.68-17.219-161.137-47.106 8.447.974 16.568 1.299 25.34 1.299 49.055 0 94.213-16.568 130.274-44.832-46.132-.975-84.792-31.188-98.112-72.772 6.498.974 12.995 1.624 19.818 1.624 9.421 0 18.843-1.3 27.614-3.573-48.081-9.747-84.143-51.98-84.143-102.985v-1.299c13.969 7.797 30.214 12.67 47.431 13.319-28.264-18.843-46.781-51.005-46.781-87.391 0-19.492 5.197-37.36 14.294-52.954 51.655 63.675 129.3 105.258 216.365 109.807-1.624-7.797-2.599-15.918-2.599-24.04 0-57.828 46.782-104.934 104.934-104.934 30.213 0 57.502 12.67 76.67 33.137 23.715-4.548 46.456-13.32 66.599-25.34-7.798 24.366-24.366 44.833-46.132 57.827 21.117-2.273 41.584-8.122 60.426-16.243-14.292 20.791-32.161 39.308-52.628 54.253z\"><\/path><\/svg>\t\t\t\t\t\t\t<\/span>\n\t\t\t\t\t\t\t\t\t\t\t\t\t\t\t\t\t\t\t\t<\/div>\n\t\t\t\t\t<\/div>\n\t\t\t\t\t\t\t\t\t<div class=\"elementor-grid-item\">\n\t\t\t\t\t\t<div\n\t\t\t\t\t\t\tclass=\"elementor-share-btn elementor-share-btn_linkedin\"\n\t\t\t\t\t\t\trole=\"button\"\n\t\t\t\t\t\t\ttabindex=\"0\"\n\t\t\t\t\t\t\taria-label=\"Partager sur linkedin\"\n\t\t\t\t\t\t>\n\t\t\t\t\t\t\t\t\t\t\t\t\t\t\t<span class=\"elementor-share-btn__icon\">\n\t\t\t\t\t\t\t\t<svg class=\"e-font-icon-svg e-fab-linkedin\" viewBox=\"0 0 448 512\" xmlns=\"http:\/\/www.w3.org\/2000\/svg\"><path d=\"M416 32H31.9C14.3 32 0 46.5 0 64.3v383.4C0 465.5 14.3 480 31.9 480H416c17.6 0 32-14.5 32-32.3V64.3c0-17.8-14.4-32.3-32-32.3zM135.4 416H69V202.2h66.5V416zm-33.2-243c-21.3 0-38.5-17.3-38.5-38.5S80.9 96 102.2 96c21.2 0 38.5 17.3 38.5 38.5 0 21.3-17.2 38.5-38.5 38.5zm282.1 243h-66.4V312c0-24.8-.5-56.7-34.5-56.7-34.6 0-39.9 27-39.9 54.9V416h-66.4V202.2h63.7v29.2h.9c8.9-16.8 30.6-34.5 62.9-34.5 67.2 0 79.7 44.3 79.7 101.9V416z\"><\/path><\/svg>\t\t\t\t\t\t\t<\/span>\n\t\t\t\t\t\t\t\t\t\t\t\t\t\t\t\t\t\t\t\t<\/div>\n\t\t\t\t\t<\/div>\n\t\t\t\t\t\t\t\t\t<div class=\"elementor-grid-item\">\n\t\t\t\t\t\t<div\n\t\t\t\t\t\t\tclass=\"elementor-share-btn elementor-share-btn_email\"\n\t\t\t\t\t\t\trole=\"button\"\n\t\t\t\t\t\t\ttabindex=\"0\"\n\t\t\t\t\t\t\taria-label=\"Partager sur email\"\n\t\t\t\t\t\t>\n\t\t\t\t\t\t\t\t\t\t\t\t\t\t\t<span class=\"elementor-share-btn__icon\">\n\t\t\t\t\t\t\t\t<svg class=\"e-font-icon-svg e-fas-envelope\" viewBox=\"0 0 512 512\" xmlns=\"http:\/\/www.w3.org\/2000\/svg\"><path d=\"M502.3 190.8c3.9-3.1 9.7-.2 9.7 4.7V400c0 26.5-21.5 48-48 48H48c-26.5 0-48-21.5-48-48V195.6c0-5 5.7-7.8 9.7-4.7 22.4 17.4 52.1 39.5 154.1 113.6 21.1 15.4 56.7 47.8 92.2 47.6 35.7.3 72-32.8 92.3-47.6 102-74.1 131.6-96.3 154-113.7zM256 320c23.2.4 56.6-29.2 73.4-41.4 132.7-96.3 142.8-104.7 173.4-128.7 5.8-4.5 9.2-11.5 9.2-18.9v-19c0-26.5-21.5-48-48-48H48C21.5 64 0 85.5 0 112v19c0 7.4 3.4 14.3 9.2 18.9 30.6 23.9 40.7 32.4 173.4 128.7 16.8 12.2 50.2 41.8 73.4 41.4z\"><\/path><\/svg>\t\t\t\t\t\t\t<\/span>\n\t\t\t\t\t\t\t\t\t\t\t\t\t\t\t\t\t\t\t\t<\/div>\n\t\t\t\t\t<\/div>\n\t\t\t\t\t\t<\/div>\n\t\t\t\t<\/div>\n\t\t\t\t<\/div>\n\t\t\t\t\t<\/div>\n\t\t<\/div>\n\t\t\t\t<div class=\"elementor-column elementor-col-33 elementor-top-column elementor-element elementor-element-5bb2fe01 elementor-invisible\" data-id=\"5bb2fe01\" data-element_type=\"column\" data-settings=\"{&quot;animation&quot;:&quot;fadeIn&quot;,&quot;animation_delay&quot;:200}\">\n\t\t\t<div class=\"elementor-widget-wrap elementor-element-populated\">\n\t\t\t\t\t\t<div class=\"elementor-element elementor-element-606f774 elementor-widget elementor-widget-text-editor\" data-id=\"606f774\" data-element_type=\"widget\" data-widget_type=\"text-editor.default\">\n\t\t\t\t<div class=\"elementor-widget-container\">\n\t\t\t\t\t\t\t<p><strong>Bienvenue sur iptv-smart !<\/strong><\/p><p>Ces termes et conditions d\u00e9finissent les r\u00e8gles et r\u00e9glementations d&rsquo;utilisation du site Web d&rsquo;iptv-smart, situ\u00e9 \u00e0 l&rsquo;adresse <a href=\"https:\/\/iptv-smart.fr\/\" target=\"_new\">www.iptv-smart.fr<\/a>.<\/p><p>En acc\u00e9dant \u00e0 ce site Web, nous supposons que vous acceptez ces termes et conditions. N&rsquo;utilisez pas iptv-smart si vous n&rsquo;acceptez pas l&rsquo;int\u00e9gralit\u00e9 des termes et conditions \u00e9nonc\u00e9s sur cette page.<\/p><p>La terminologie suivante s&rsquo;applique \u00e0 ces termes et conditions, \u00e0 la d\u00e9claration de confidentialit\u00e9 et \u00e0 l&rsquo;avis de non-responsabilit\u00e9 ainsi qu&rsquo;\u00e0 tous les accords : \u00ab\u00a0Client\u00a0\u00bb, \u00ab\u00a0Vous\u00a0\u00bb et \u00ab\u00a0Votre\u00a0\u00bb vous d\u00e9signent, la personne se connectant \u00e0 ce site Web et respectant les termes et conditions de la soci\u00e9t\u00e9. \u00ab\u00a0La Soci\u00e9t\u00e9\u00a0\u00bb, \u00ab\u00a0Nous-m\u00eames\u00a0\u00bb, \u00ab\u00a0Nous\u00a0\u00bb, \u00ab\u00a0Notre\u00a0\u00bb et \u00ab\u00a0Nos\u00a0\u00bb d\u00e9signent notre soci\u00e9t\u00e9. \u00ab\u00a0Partie\u00a0\u00bb, \u00ab\u00a0Parties\u00a0\u00bb ou \u00ab\u00a0Nous\u00a0\u00bb d\u00e9signe \u00e0 la fois le client et nous-m\u00eames. Tous les termes se r\u00e9f\u00e8rent \u00e0 l&rsquo;offre, l&rsquo;acceptation et la contrepartie de paiement n\u00e9cessaire pour entreprendre le processus de notre assistance au client de la mani\u00e8re la plus appropri\u00e9e possible dans le but expr\u00e8s de r\u00e9pondre aux besoins du client en ce qui concerne la fourniture des services d\u00e9clar\u00e9s de la soci\u00e9t\u00e9, conform\u00e9ment \u00e0 la loi en vigueur en fr. Toute utilisation de la terminologie ci-dessus ou d&rsquo;autres mots au singulier, au pluriel, en majuscules et\/ou en \u00ab\u00a0il\/elle\u00a0\u00bb ou \u00ab\u00a0ils\/elles\u00a0\u00bb est prise comme interchangeable et donc comme se r\u00e9f\u00e9rant \u00e0 la m\u00eame chose.<\/p><p><strong>Cookies\u00a0<\/strong><\/p><p>Nous utilisons des cookies. En acc\u00e9dant \u00e0 iptv-smart, vous acceptez d&rsquo;utiliser les cookies conform\u00e9ment \u00e0 la politique de confidentialit\u00e9 d&rsquo;iptv-smart.<\/p><p>La plupart des sites Web interactifs utilisent des cookies pour nous permettre de r\u00e9cup\u00e9rer les d\u00e9tails de l&rsquo;utilisateur pour chaque visite. Les cookies sont utilis\u00e9s par notre site Web pour activer la fonctionnalit\u00e9 de certaines zones afin de faciliter la visite des personnes sur notre site Web. Certains de nos partenaires affili\u00e9s\/publicitaires peuvent \u00e9galement utiliser des cookies.<\/p><p><strong>Licence\u00a0<\/strong><\/p><p>Sauf indication contraire, iptv-smart et\/ou ses conc\u00e9dants d\u00e9tiennent les droits de propri\u00e9t\u00e9 intellectuelle de tous les mat\u00e9riaux sur iptv-smart. Tous les droits de propri\u00e9t\u00e9 intellectuelle sont r\u00e9serv\u00e9s. Vous pouvez acc\u00e9der \u00e0 cela depuis iptv-smart pour votre propre usage personnel soumis aux restrictions \u00e9nonc\u00e9es dans ces termes et conditions.<\/p><p><strong>Vous ne devez pas :<\/strong><\/p><p>Republisher du mat\u00e9riel provenant d&rsquo;iptv-smart Vendre, louer ou sous-licencier du mat\u00e9riel provenant d&rsquo;iptv-smart Reproduire, dupliquer ou copier du mat\u00e9riel provenant d&rsquo;iptv-smart Redistribuer du contenu provenant d&rsquo;iptv-smart Cet accord prendra effet \u00e0 la date des pr\u00e9sentes. Nos termes et conditions ont \u00e9t\u00e9 cr\u00e9\u00e9s avec l&rsquo;aide du g\u00e9n\u00e9rateur de termes et conditions.<\/p><p>Certaines parties de ce site Web offrent aux utilisateurs la possibilit\u00e9 de publier et d&rsquo;\u00e9changer des opinions et des informations dans certaines zones du site Web. iptv-smart ne filtre pas, n&rsquo;\u00e9dite pas<\/p>\t\t\t\t\t\t<\/div>\n\t\t\t\t<\/div>\n\t\t\t\t\t<\/div>\n\t\t<\/div>\n\t\t\t\t<div class=\"elementor-column elementor-col-33 elementor-top-column elementor-element elementor-element-d8034af\" data-id=\"d8034af\" data-element_type=\"column\">\n\t\t\t<div class=\"elementor-widget-wrap\">\n\t\t\t\t\t\t\t<\/div>\n\t\t<\/div>\n\t\t\t\t\t<\/div>\n\t\t<\/section>\n\t\t\t\t<\/div>\n\t\t","protected":false},"excerpt":{"rendered":"<p>Bienvenue sur iptv-smart ! Ces termes et conditions d\u00e9finissent les r\u00e8gles et r\u00e9glementations d&rsquo;utilisation du site Web d&rsquo;iptv-smart, situ\u00e9 \u00e0 l&rsquo;adresse www.iptv-smart.fr. En acc\u00e9dant \u00e0 ce site Web, nous supposons que vous acceptez ces termes et conditions. N&rsquo;utilisez pas iptv-smart si vous n&rsquo;acceptez pas l&rsquo;int\u00e9gralit\u00e9 des termes et conditions \u00e9nonc\u00e9s sur cette page. La terminologie [&hellip;]<\/p>\n","protected":false},"author":1,"featured_media":0,"parent":0,"menu_order":0,"comment_status":"closed","ping_status":"closed","template":"","meta":{"om_disable_all_campaigns":false,"_monsterinsights_skip_tracking":false,"_monsterinsights_sitenote_active":false,"_monsterinsights_sitenote_note":"","_monsterinsights_sitenote_category":0,"footnotes":""},"class_list":["post-177","page","type-page","status-publish","hentry"],"yoast_head":"<!-- This site is optimized with the Yoast SEO plugin v23.5 - https:\/\/yoast.com\/wordpress\/plugins\/seo\/ -->\n<title>Termes et conditions | IPTV SMART<\/title>\n<meta name=\"robots\" content=\"index, follow, max-snippet:-1, max-image-preview:large, max-video-preview:-1\" \/>\n<link rel=\"canonical\" href=\"https:\/\/iptv-smart.fr\/abonnement-iptv\/termes-et-conditions\/\" \/>\n<meta property=\"og:locale\" content=\"fr_FR\" \/>\n<meta property=\"og:type\" content=\"article\" \/>\n<meta property=\"og:title\" content=\"Termes et conditions | IPTV SMART\" \/>\n<meta property=\"og:description\" content=\"Bienvenue sur iptv-smart ! Ces termes et conditions d\u00e9finissent les r\u00e8gles et r\u00e9glementations d&rsquo;utilisation du site Web d&rsquo;iptv-smart, situ\u00e9 \u00e0 l&rsquo;adresse www.iptv-smart.fr. En acc\u00e9dant \u00e0 ce site Web, nous supposons que vous acceptez ces termes et conditions. N&rsquo;utilisez pas iptv-smart si vous n&rsquo;acceptez pas l&rsquo;int\u00e9gralit\u00e9 des termes et conditions \u00e9nonc\u00e9s sur cette page. La terminologie [&hellip;]\" \/>\n<meta property=\"og:url\" content=\"https:\/\/iptv-smart.fr\/abonnement-iptv\/termes-et-conditions\/\" \/>\n<meta property=\"og:site_name\" content=\"IPTV SMART\" \/>\n<meta property=\"article:modified_time\" content=\"2023-04-07T20:42:41+00:00\" \/>\n<meta property=\"og:image\" content=\"https:\/\/iptv-smart.fr\/wp-content\/uploads\/2023\/03\/cropped-FullLogo_Transparent_NoBuffer-4.png\" \/>\n\t<meta property=\"og:image:width\" content=\"1280\" \/>\n\t<meta property=\"og:image:height\" content=\"452\" \/>\n\t<meta property=\"og:image:type\" content=\"image\/png\" \/>\n<meta name=\"twitter:card\" content=\"summary_large_image\" \/>\n<meta name=\"twitter:label1\" content=\"Dur\u00e9e de lecture estim\u00e9e\" \/>\n\t<meta name=\"twitter:data1\" content=\"2 minutes\" \/>\n<script type=\"application\/ld+json\" class=\"yoast-schema-graph\">{\"@context\":\"https:\/\/schema.org\",\"@graph\":[{\"@type\":\"WebPage\",\"@id\":\"https:\/\/iptv-smart.fr\/abonnement-iptv\/termes-et-conditions\/\",\"url\":\"https:\/\/iptv-smart.fr\/abonnement-iptv\/termes-et-conditions\/\",\"name\":\"Termes et conditions | IPTV SMART\",\"isPartOf\":{\"@id\":\"https:\/\/iptv-smart.fr\/abonnement-iptv\/#website\"},\"datePublished\":\"2023-03-28T12:22:07+00:00\",\"dateModified\":\"2023-04-07T20:42:41+00:00\",\"breadcrumb\":{\"@id\":\"https:\/\/iptv-smart.fr\/abonnement-iptv\/termes-et-conditions\/#breadcrumb\"},\"inLanguage\":\"fr-FR\",\"potentialAction\":[{\"@type\":\"ReadAction\",\"target\":[\"https:\/\/iptv-smart.fr\/abonnement-iptv\/termes-et-conditions\/\"]}]},{\"@type\":\"BreadcrumbList\",\"@id\":\"https:\/\/iptv-smart.fr\/abonnement-iptv\/termes-et-conditions\/#breadcrumb\",\"itemListElement\":[{\"@type\":\"ListItem\",\"position\":1,\"name\":\"Home\",\"item\":\"https:\/\/iptv-smart.fr\/abonnement-iptv\/\"},{\"@type\":\"ListItem\",\"position\":2,\"name\":\"Termes et conditions\"}]},{\"@type\":\"WebSite\",\"@id\":\"https:\/\/iptv-smart.fr\/abonnement-iptv\/#website\",\"url\":\"https:\/\/iptv-smart.fr\/abonnement-iptv\/\",\"name\":\"IPTV SMART\",\"description\":\"Abonnement IPTV europe\",\"publisher\":{\"@id\":\"https:\/\/iptv-smart.fr\/abonnement-iptv\/#organization\"},\"alternateName\":\"smarters iptv\",\"potentialAction\":[{\"@type\":\"SearchAction\",\"target\":{\"@type\":\"EntryPoint\",\"urlTemplate\":\"https:\/\/iptv-smart.fr\/abonnement-iptv\/?s={search_term_string}\"},\"query-input\":{\"@type\":\"PropertyValueSpecification\",\"valueRequired\":true,\"valueName\":\"search_term_string\"}}],\"inLanguage\":\"fr-FR\"},{\"@type\":\"Organization\",\"@id\":\"https:\/\/iptv-smart.fr\/abonnement-iptv\/#organization\",\"name\":\"IPTV SMART\",\"alternateName\":\"smarters iptv\",\"url\":\"https:\/\/iptv-smart.fr\/abonnement-iptv\/\",\"logo\":{\"@type\":\"ImageObject\",\"inLanguage\":\"fr-FR\",\"@id\":\"https:\/\/iptv-smart.fr\/abonnement-iptv\/#\/schema\/logo\/image\/\",\"url\":\"https:\/\/iptv-smart.fr\/wp-content\/uploads\/2023\/03\/cropped-FullLogo_Transparent_NoBuffer-4.png\",\"contentUrl\":\"https:\/\/iptv-smart.fr\/wp-content\/uploads\/2023\/03\/cropped-FullLogo_Transparent_NoBuffer-4.png\",\"width\":1280,\"height\":452,\"caption\":\"IPTV SMART\"},\"image\":{\"@id\":\"https:\/\/iptv-smart.fr\/abonnement-iptv\/#\/schema\/logo\/image\/\"}}]}<\/script>\n<!-- \/ Yoast SEO plugin. -->","yoast_head_json":{"title":"Termes et conditions | IPTV SMART","robots":{"index":"index","follow":"follow","max-snippet":"max-snippet:-1","max-image-preview":"max-image-preview:large","max-video-preview":"max-video-preview:-1"},"canonical":"https:\/\/iptv-smart.fr\/abonnement-iptv\/termes-et-conditions\/","og_locale":"fr_FR","og_type":"article","og_title":"Termes et conditions | IPTV SMART","og_description":"Bienvenue sur iptv-smart ! Ces termes et conditions d\u00e9finissent les r\u00e8gles et r\u00e9glementations d&rsquo;utilisation du site Web d&rsquo;iptv-smart, situ\u00e9 \u00e0 l&rsquo;adresse www.iptv-smart.fr. En acc\u00e9dant \u00e0 ce site Web, nous supposons que vous acceptez ces termes et conditions. N&rsquo;utilisez pas iptv-smart si vous n&rsquo;acceptez pas l&rsquo;int\u00e9gralit\u00e9 des termes et conditions \u00e9nonc\u00e9s sur cette page. La terminologie [&hellip;]","og_url":"https:\/\/iptv-smart.fr\/abonnement-iptv\/termes-et-conditions\/","og_site_name":"IPTV SMART","article_modified_time":"2023-04-07T20:42:41+00:00","og_image":[{"width":1280,"height":452,"url":"https:\/\/iptv-smart.fr\/wp-content\/uploads\/2023\/03\/cropped-FullLogo_Transparent_NoBuffer-4.png","type":"image\/png"}],"twitter_card":"summary_large_image","twitter_misc":{"Dur\u00e9e de lecture estim\u00e9e":"2 minutes"},"schema":{"@context":"https:\/\/schema.org","@graph":[{"@type":"WebPage","@id":"https:\/\/iptv-smart.fr\/abonnement-iptv\/termes-et-conditions\/","url":"https:\/\/iptv-smart.fr\/abonnement-iptv\/termes-et-conditions\/","name":"Termes et conditions | IPTV SMART","isPartOf":{"@id":"https:\/\/iptv-smart.fr\/abonnement-iptv\/#website"},"datePublished":"2023-03-28T12:22:07+00:00","dateModified":"2023-04-07T20:42:41+00:00","breadcrumb":{"@id":"https:\/\/iptv-smart.fr\/abonnement-iptv\/termes-et-conditions\/#breadcrumb"},"inLanguage":"fr-FR","potentialAction":[{"@type":"ReadAction","target":["https:\/\/iptv-smart.fr\/abonnement-iptv\/termes-et-conditions\/"]}]},{"@type":"BreadcrumbList","@id":"https:\/\/iptv-smart.fr\/abonnement-iptv\/termes-et-conditions\/#breadcrumb","itemListElement":[{"@type":"ListItem","position":1,"name":"Home","item":"https:\/\/iptv-smart.fr\/abonnement-iptv\/"},{"@type":"ListItem","position":2,"name":"Termes et conditions"}]},{"@type":"WebSite","@id":"https:\/\/iptv-smart.fr\/abonnement-iptv\/#website","url":"https:\/\/iptv-smart.fr\/abonnement-iptv\/","name":"IPTV SMART","description":"Abonnement IPTV europe","publisher":{"@id":"https:\/\/iptv-smart.fr\/abonnement-iptv\/#organization"},"alternateName":"smarters iptv","potentialAction":[{"@type":"SearchAction","target":{"@type":"EntryPoint","urlTemplate":"https:\/\/iptv-smart.fr\/abonnement-iptv\/?s={search_term_string}"},"query-input":{"@type":"PropertyValueSpecification","valueRequired":true,"valueName":"search_term_string"}}],"inLanguage":"fr-FR"},{"@type":"Organization","@id":"https:\/\/iptv-smart.fr\/abonnement-iptv\/#organization","name":"IPTV SMART","alternateName":"smarters iptv","url":"https:\/\/iptv-smart.fr\/abonnement-iptv\/","logo":{"@type":"ImageObject","inLanguage":"fr-FR","@id":"https:\/\/iptv-smart.fr\/abonnement-iptv\/#\/schema\/logo\/image\/","url":"https:\/\/iptv-smart.fr\/wp-content\/uploads\/2023\/03\/cropped-FullLogo_Transparent_NoBuffer-4.png","contentUrl":"https:\/\/iptv-smart.fr\/wp-content\/uploads\/2023\/03\/cropped-FullLogo_Transparent_NoBuffer-4.png","width":1280,"height":452,"caption":"IPTV SMART"},"image":{"@id":"https:\/\/iptv-smart.fr\/abonnement-iptv\/#\/schema\/logo\/image\/"}}]}},"_links":{"self":[{"href":"https:\/\/iptv-smart.fr\/abonnement-iptv\/wp-json\/wp\/v2\/pages\/177","targetHints":{"allow":["GET"]}}],"collection":[{"href":"https:\/\/iptv-smart.fr\/abonnement-iptv\/wp-json\/wp\/v2\/pages"}],"about":[{"href":"https:\/\/iptv-smart.fr\/abonnement-iptv\/wp-json\/wp\/v2\/types\/page"}],"author":[{"embeddable":true,"href":"https:\/\/iptv-smart.fr\/abonnement-iptv\/wp-json\/wp\/v2\/users\/1"}],"replies":[{"embeddable":true,"href":"https:\/\/iptv-smart.fr\/abonnement-iptv\/wp-json\/wp\/v2\/comments?post=177"}],"version-history":[{"count":12,"href":"https:\/\/iptv-smart.fr\/abonnement-iptv\/wp-json\/wp\/v2\/pages\/177\/revisions"}],"predecessor-version":[{"id":1019,"href":"https:\/\/iptv-smart.fr\/abonnement-iptv\/wp-json\/wp\/v2\/pages\/177\/revisions\/1019"}],"wp:attachment":[{"href":"https:\/\/iptv-smart.fr\/abonnement-iptv\/wp-json\/wp\/v2\/media?parent=177"}],"curies":[{"name":"wp","href":"https:\/\/api.w.org\/{rel}","templated":true}]}}